{"id":61,"date":"2015-09-24T19:49:29","date_gmt":"2015-09-24T17:49:29","guid":{"rendered":"http:\/\/localhost\/sv\/?page_id=61"},"modified":"2024-01-04T22:28:34","modified_gmt":"2024-01-04T21:28:34","slug":"verein","status":"publish","type":"page","link":"http:\/\/sportverein-lindern.de\/sv\/verein\/","title":{"rendered":"Verein"},"content":{"rendered":"<p style=\"text-align: left;\"><strong>Unser Leitbild<\/strong><\/p>\n<p>Ob Jung oder Alt &#8211; wer mit uns Sport treiben m\u00f6chte, den hei\u00dfen wir herzlich willkommen. Alle Mitglieder sollen sich im Verein wohl f\u00fchlen. Durch demokratisches Verhalten und Gleichberechtigung unter den Vereinsmitgliedern soll jeder im SV SW Lindern Anerkennung finden. Wir legen ein besonderes Augenmerk auf Familienfreundlichkeit und Jugendarbeit. Der SV SW Lindern ist bestrebt f\u00fcr alle Altersstufen ein breit gef\u00e4chertes Sportangebot vorzuhalten.<\/p>\n<p>Der SV SW Lindern kennt seine soziale Verantwortung im Gemeinwesen. Wir begreifen Vielfalt als Chance. Der SV SW Lindern ist vielf\u00e4ltig, unabh\u00e4ngig von Geschlecht, Alter, kultureller sozialer und religi\u00f6ser Herkunft. So versteht sich der SV Lindern als Helfer zur Integration in die Gesellschaft. Rassismus in jeglicher Form lehnen wir konsequent ab.<\/p>\n<p>Jedes Mitglied des SV SW Lindern soll beim Sport und im Wettkampf Vorbild sein. Eine besondere Vorbildfunktion haben Vorstandsmitglieder, Trainer und Betreuer. Den Kindern und Jugendlichen gilt unsere spezielle Aufmerksamkeit. Wertsch\u00e4tzung, Respekt und Fairplay sind Beispiele der Verantwortung in der \u00d6ffentlichkeit.<\/p>\n<p>Unser Verein lebt und ist gepr\u00e4gt durch ehrenamtliches Engagement. Wir sind dankbar und wertsch\u00e4tzen jede Art von ehrenamtlicher Arbeit. F\u00fcr unsere zuk\u00fcnftigen Ziele brauchen wir motivierte Ehrenamtliche, die mit Idealismus ihre Ideen und Hilfe einbringen.<\/p>\n<p>Der Aufbau leistungsstarker Mannschaften wird unter Ber\u00fccksichtigung der personellen und finanziellen M\u00f6glichkeiten gef\u00f6rdert, dabei wird die Integration leistungsschw\u00e4cherer Sportler\/Innen \u2013 besonders bei Kinder und Jugendlichen \u2013 angestrebt. Bei uns schlie\u00dfen sich der Leistungsgedanke und der Spa\u00dfgedanke nicht aus.<\/p>\n<p>Der SV SW Lindern sieht unter Fairplay mehr als nur die Einhaltung von Regeln. Vielmehr verstehen wir darunter eine besondere Haltung des Sportlers mit Achtung und Respekt vor dem sportlichen Gegner. Fairplay ist eine Art des Denkens, nicht nur eine Art des Verhaltens.<\/p>\n<p>Eine breite Palette von Sportangeboten im SV SW Lindern soll das allgemeine Wohlbefinden und die Gesundheit der Mitglieder f\u00f6rdern. Neben etlichen Mannschaftssportarten bieten wir auch viele Angebote f\u00fcr Individualsportler.<\/p>\n<p>Wir halten uns strikt an die gesetzlichen Vorgaben des Jugendschutzgesetzes. Dar\u00fcber hinaus wird grunds\u00e4tzlich angestrebt den ganzen Jugendbereich alkoholfrei zu gestalten.<\/p>\n<p><a href=\"http:\/\/sportverein-lindern.de\/sv\/wp-content\/uploads\/2024\/01\/Beitrittserklaerung-2024.pdf\" target=\"_blank\" rel=\"noopener noreferrer\">Beitrittserkl\u00e4rung neu!<br \/><\/a><a href=\"http:\/\/sportverein-lindern.de\/sv\/wp-content\/uploads\/2018\/10\/Datenschutzverordnung.pdf\">Datenschutzverordnung<\/a><br \/><a href=\"http:\/\/sportverein-lindern.de\/sv\/wp-content\/uploads\/2018\/05\/Vereinssatzung-_.pdf\" target=\"_blank\" rel=\"noopener noreferrer\">Vereinssatzung<\/a><\/p>\n\n\n<p><\/p>\n","protected":false},"excerpt":{"rendered":"<p>Unser Leitbild Ob Jung oder Alt &#8211; wer mit uns Sport treiben m\u00f6chte, den hei\u00dfen wir herzlich willkommen. Alle Mitglieder sollen sich im Verein wohl f\u00fchlen. Durch demokratisches Verhalten und Gleichberechtigung unter den Vereinsmitgliedern soll jeder im SV SW Lindern Anerkennung finden. Wir legen ein besonderes Augenmerk auf Familienfreundlichkeit und Jugendarbeit. Der SV SW Lindern &hellip; <a href=\"http:\/\/sportverein-lindern.de\/sv\/verein\/\" class=\"more-link\"><span class=\"screen-reader-text\">Verein<\/span> weiterlesen <span class=\"meta-nav\">&rarr;<\/span><\/a><\/p>\n","protected":false},"author":1,"featured_media":0,"parent":0,"menu_order":0,"comment_status":"closed","ping_status":"closed","template":"","meta":{"footnotes":""},"class_list":["post-61","page","type-page","status-publish","hentry"],"_links":{"self":[{"href":"http:\/\/sportverein-lindern.de\/sv\/wp-json\/wp\/v2\/pages\/61"}],"collection":[{"href":"http:\/\/sportverein-lindern.de\/sv\/wp-json\/wp\/v2\/pages"}],"about":[{"href":"http:\/\/sportverein-lindern.de\/sv\/wp-json\/wp\/v2\/types\/page"}],"author":[{"embeddable":true,"href":"http:\/\/sportverein-lindern.de\/sv\/wp-json\/wp\/v2\/users\/1"}],"replies":[{"embeddable":true,"href":"http:\/\/sportverein-lindern.de\/sv\/wp-json\/wp\/v2\/comments?post=61"}],"version-history":[{"count":21,"href":"http:\/\/sportverein-lindern.de\/sv\/wp-json\/wp\/v2\/pages\/61\/revisions"}],"predecessor-version":[{"id":2019,"href":"http:\/\/sportverein-lindern.de\/sv\/wp-json\/wp\/v2\/pages\/61\/revisions\/2019"}],"wp:attachment":[{"href":"http:\/\/sportverein-lindern.de\/sv\/wp-json\/wp\/v2\/media?parent=61"}],"curies":[{"name":"wp","href":"https:\/\/api.w.org\/{rel}","templated":true}]}}