{"id":513,"date":"2015-11-09T13:29:37","date_gmt":"2015-11-09T12:29:37","guid":{"rendered":"http:\/\/sportverein-lindern.de\/sv\/?page_id=513"},"modified":"2015-11-09T13:29:37","modified_gmt":"2015-11-09T12:29:37","slug":"fussball-herren","status":"publish","type":"page","link":"http:\/\/sportverein-lindern.de\/sv\/fussball-herren\/","title":{"rendered":"Fu\u00dfball-Herren"},"content":{"rendered":"<p>Fotos der Herrenmannschaften &#8211; w\u00e4hlen Sie ein Untermen\u00fc<\/p>\n","protected":false},"excerpt":{"rendered":"<p>Fotos der Herrenmannschaften &#8211; w\u00e4hlen Sie ein Untermen\u00fc<\/p>\n","protected":false},"author":18,"featured_media":0,"parent":0,"menu_order":0,"comment_status":"closed","ping_status":"closed","template":"","meta":{"footnotes":""},"class_list":["post-513","page","type-page","status-publish","hentry"],"_links":{"self":[{"href":"http:\/\/sportverein-lindern.de\/sv\/wp-json\/wp\/v2\/pages\/513"}],"collection":[{"href":"http:\/\/sportverein-lindern.de\/sv\/wp-json\/wp\/v2\/pages"}],"about":[{"href":"http:\/\/sportverein-lindern.de\/sv\/wp-json\/wp\/v2\/types\/page"}],"author":[{"embeddable":true,"href":"http:\/\/sportverein-lindern.de\/sv\/wp-json\/wp\/v2\/users\/18"}],"replies":[{"embeddable":true,"href":"http:\/\/sportverein-lindern.de\/sv\/wp-json\/wp\/v2\/comments?post=513"}],"version-history":[{"count":1,"href":"http:\/\/sportverein-lindern.de\/sv\/wp-json\/wp\/v2\/pages\/513\/revisions"}],"predecessor-version":[{"id":514,"href":"http:\/\/sportverein-lindern.de\/sv\/wp-json\/wp\/v2\/pages\/513\/revisions\/514"}],"wp:attachment":[{"href":"http:\/\/sportverein-lindern.de\/sv\/wp-json\/wp\/v2\/media?parent=513"}],"curies":[{"name":"wp","href":"https:\/\/api.w.org\/{rel}","templated":true}]}}