{"id":1448,"date":"2019-07-04T18:01:22","date_gmt":"2019-07-04T16:01:22","guid":{"rendered":"http:\/\/sportverein-lindern.de\/sv\/?page_id=1448"},"modified":"2019-11-23T11:47:24","modified_gmt":"2019-11-23T10:47:24","slug":"volleyball-3-damen","status":"publish","type":"page","link":"http:\/\/sportverein-lindern.de\/sv\/volleyball-3-damen\/","title":{"rendered":"Volleyball 3. Damen"},"content":{"rendered":"\n<p>Unsere junge 3. Damen kann schon auf etwas Spielerfahrung zur\u00fcckgreifen: <\/p>\n\n\n\n<div class=\"wp-block-image\"><figure class=\"alignright is-resized\"><img loading=\"lazy\" decoding=\"async\" src=\"http:\/\/sportverein-lindern.de\/sv\/wp-content\/uploads\/2019\/07\/damen-3_3.jpg\" alt=\"\" class=\"wp-image-1461\" width=\"377\" height=\"283\" srcset=\"http:\/\/sportverein-lindern.de\/sv\/wp-content\/uploads\/2019\/07\/damen-3_3.jpg 960w, http:\/\/sportverein-lindern.de\/sv\/wp-content\/uploads\/2019\/07\/damen-3_3-300x225.jpg 300w, http:\/\/sportverein-lindern.de\/sv\/wp-content\/uploads\/2019\/07\/damen-3_3-400x300.jpg 400w, http:\/\/sportverein-lindern.de\/sv\/wp-content\/uploads\/2019\/07\/damen-3_3-768x576.jpg 768w\" sizes=\"(max-width: 377px) 100vw, 377px\" \/><\/figure><\/div>\n\n\n\n<p style=\"font-size:17px;text-align:center\">Die erst 12 J\u00e4hrigen M\u00e4dels starteten bereits in der Jugendliga in der  U13 und in der U14, in der sie in der vergangenen Saison Meister wurden! \ud83d\ude42<\/p>\n\n\n\n<p><\/p>\n\n\n\n<p><\/p>\n\n\n\n<p><\/p>\n\n\n\n<p><strong>Nun geht es in die erste Saison als 3. Damen in die Kreisklasse, wobei das Klassenziel klar definiert ist: erste Erfahrungen auf dem gro\u00dfen 6er Feld und SPA\u00df haben!<\/strong><\/p>\n\n\n\n<p><\/p>\n\n\n\n<p>Denn der steht bei uns neben dem Siegeswillen klar im Vordergrund! <\/p>\n\n\n\n<figure class=\"wp-block-image\"><img loading=\"lazy\" decoding=\"async\" width=\"960\" height=\"960\" src=\"http:\/\/sportverein-lindern.de\/sv\/wp-content\/uploads\/2019\/07\/damen-3.jpg\" alt=\"\" class=\"wp-image-1462\" srcset=\"http:\/\/sportverein-lindern.de\/sv\/wp-content\/uploads\/2019\/07\/damen-3.jpg 960w, http:\/\/sportverein-lindern.de\/sv\/wp-content\/uploads\/2019\/07\/damen-3-200x200.jpg 200w, http:\/\/sportverein-lindern.de\/sv\/wp-content\/uploads\/2019\/07\/damen-3-100x100.jpg 100w, http:\/\/sportverein-lindern.de\/sv\/wp-content\/uploads\/2019\/07\/damen-3-300x300.jpg 300w, http:\/\/sportverein-lindern.de\/sv\/wp-content\/uploads\/2019\/07\/damen-3-150x150.jpg 150w, http:\/\/sportverein-lindern.de\/sv\/wp-content\/uploads\/2019\/07\/damen-3-400x400.jpg 400w, http:\/\/sportverein-lindern.de\/sv\/wp-content\/uploads\/2019\/07\/damen-3-768x768.jpg 768w\" sizes=\"(max-width: 960px) 100vw, 960px\" \/><\/figure>\n\n\n\n<p style=\"text-align:center\" class=\"has-background has-medium-font-size has-pale-pink-background-color\">Wir trainieren donnerstags in der gro\u00dfen Sport- und Mehrzweckhalle von 16 Uhr bis 17:30 und freuen uns auf Interessierte die mitmachen m\u00f6chten.<\/p>\n\n\n\n<figure class=\"wp-block-image\"><img loading=\"lazy\" decoding=\"async\" width=\"960\" height=\"722\" src=\"http:\/\/sportverein-lindern.de\/sv\/wp-content\/uploads\/2019\/07\/damen-3_2.jpg\" alt=\"\" class=\"wp-image-1463\" srcset=\"http:\/\/sportverein-lindern.de\/sv\/wp-content\/uploads\/2019\/07\/damen-3_2.jpg 960w, http:\/\/sportverein-lindern.de\/sv\/wp-content\/uploads\/2019\/07\/damen-3_2-300x226.jpg 300w, http:\/\/sportverein-lindern.de\/sv\/wp-content\/uploads\/2019\/07\/damen-3_2-400x301.jpg 400w, http:\/\/sportverein-lindern.de\/sv\/wp-content\/uploads\/2019\/07\/damen-3_2-768x578.jpg 768w\" sizes=\"(max-width: 960px) 100vw, 960px\" \/><\/figure>\n\n\n\n<p style=\"text-align:center\">Alles Kopfsache: mal sehen wie weit die M\u00e4dels es schaffen &#8211; die Ambitionen sind gro\u00df, durfte man schon bei der 2. und einmal mit der 1. Damen gemeinsan trainieren&#8230;<\/p>\n","protected":false},"excerpt":{"rendered":"<p>Unsere junge 3. Damen kann schon auf etwas Spielerfahrung zur\u00fcckgreifen: Die erst 12 J\u00e4hrigen M\u00e4dels starteten bereits in der Jugendliga in der U13 und in der U14, in der sie in der vergangenen Saison Meister wurden! \ud83d\ude42 Nun geht es in die erste Saison als 3. Damen in die Kreisklasse, wobei das Klassenziel klar definiert &hellip; <a href=\"http:\/\/sportverein-lindern.de\/sv\/volleyball-3-damen\/\" class=\"more-link\"><span class=\"screen-reader-text\">Volleyball 3. Damen<\/span> weiterlesen <span class=\"meta-nav\">&rarr;<\/span><\/a><\/p>\n","protected":false},"author":1,"featured_media":0,"parent":0,"menu_order":0,"comment_status":"closed","ping_status":"closed","template":"","meta":{"footnotes":""},"class_list":["post-1448","page","type-page","status-publish","hentry"],"_links":{"self":[{"href":"http:\/\/sportverein-lindern.de\/sv\/wp-json\/wp\/v2\/pages\/1448"}],"collection":[{"href":"http:\/\/sportverein-lindern.de\/sv\/wp-json\/wp\/v2\/pages"}],"about":[{"href":"http:\/\/sportverein-lindern.de\/sv\/wp-json\/wp\/v2\/types\/page"}],"author":[{"embeddable":true,"href":"http:\/\/sportverein-lindern.de\/sv\/wp-json\/wp\/v2\/users\/1"}],"replies":[{"embeddable":true,"href":"http:\/\/sportverein-lindern.de\/sv\/wp-json\/wp\/v2\/comments?post=1448"}],"version-history":[{"count":7,"href":"http:\/\/sportverein-lindern.de\/sv\/wp-json\/wp\/v2\/pages\/1448\/revisions"}],"predecessor-version":[{"id":1521,"href":"http:\/\/sportverein-lindern.de\/sv\/wp-json\/wp\/v2\/pages\/1448\/revisions\/1521"}],"wp:attachment":[{"href":"http:\/\/sportverein-lindern.de\/sv\/wp-json\/wp\/v2\/media?parent=1448"}],"curies":[{"name":"wp","href":"https:\/\/api.w.org\/{rel}","templated":true}]}}