{"id":1257,"date":"2018-10-10T19:00:56","date_gmt":"2018-10-10T17:00:56","guid":{"rendered":"http:\/\/sportverein-lindern.de\/sv\/?page_id=1257"},"modified":"2025-01-26T18:23:49","modified_gmt":"2025-01-26T17:23:49","slug":"ansprechpartner-der-sparten","status":"publish","type":"page","link":"http:\/\/sportverein-lindern.de\/sv\/ansprechpartner-der-sparten\/","title":{"rendered":"Ansprechpartner der Sparten"},"content":{"rendered":"\n<p><\/p>\n\n\n\n<p><\/p>\n\n\n\n<figure class=\"wp-block-table is-style-regular\" style=\"font-size:13px\"><table><tbody><tr><td><span style=\"font-size: 8pt;\">Fu\u00dfballobmann Herren<\/span><\/td><td class=\"has-text-align-center\" data-align=\"center\"><sub>Westermann, Sven<\/sub><\/td><td><sub>0152-24572012<\/sub><\/td><td><br><span style=\"font-size: 8pt;\"><a href=\"mailto:fussballobmannherren@sportverein-lindern.de\">fussballobmannherren@sportverein-lindern.de<\/a><br><\/span><\/td><\/tr><tr><td><span style=\"font-size: 8pt;\">Fu\u00dfballobmann Alte Herren<\/span><\/td><td class=\"has-text-align-center\" data-align=\"center\"><span style=\"font-size: 8pt;\">Thyen, Norbert<\/span><\/td><td><span style=\"font-size: 8pt;\">0170-3439443<\/span><\/td><td><span style=\"font-size: 8pt;\"><a href=\"mailto:fussballalteherren@sportverein-lindern.de\">fussballalteherren@sportverein-lindern.de<\/a><\/span><\/td><\/tr><tr><td><span style=\"font-size: 8pt;\">Fu\u00dfballobmann Jugend<\/span><\/td><td class=\"has-text-align-center\" data-align=\"center\"><span style=\"font-size: 8pt;\">Behrens, Lukas<\/span><br><sub>Michael Nattke<\/sub><\/td><td><span style=\"font-size: 8pt;\">0152-22400728<\/span><br><sub>0152-05697999<\/sub><\/td><td><span style=\"font-size: 8pt;\"><a href=\"mailto:fussballobmannjugend@sportverein-lindern.de\">fussballobmannjugend@sportverein-lindern.de<\/a><\/span><\/td><\/tr><tr><td><span style=\"font-size: 8pt;\">Fu\u00dfballobmann Damen<\/span><\/td><td class=\"has-text-align-center\" data-align=\"center\">&nbsp;<\/td><td>&nbsp;<\/td><td><span style=\"font-size: 8pt;\"><a href=\"mailto:fussballdamen@sportverein-lindern.de\">fussballdamen@sportverein-lindern.de<\/a><\/span><\/td><\/tr><tr><td><span style=\"font-size: 8pt;\">Volleyball<\/span><\/td><td class=\"has-text-align-center\" data-align=\"center\"><sub>Glasa, Bianca<\/sub><\/td><td><sub>0151-27593489<\/sub><\/td><td><span style=\"font-size: 8pt;\"><a href=\"mailto:volleyball@sportverein-lindern.de\">volleyball@sportverein-lindern.de<\/a><\/span><\/td><\/tr><tr><td><span style=\"font-size: 8pt;\">Badminton<\/span><\/td><td class=\"has-text-align-center\" data-align=\"center\"><sup>Burrichter, Markus<\/sup><\/td><td><span style=\"font-size: 8pt;\">0170-3176680<\/span><\/td><td><span style=\"font-size: 8pt;\"><a href=\"mailto:badminton@sportverein-lindern.de\">badminton@sportverein-lindern.de<\/a><\/span><\/td><\/tr><tr><td><span style=\"font-size: 8pt;\">Schwimmen<\/span><\/td><td class=\"has-text-align-center\" data-align=\"center\"><span style=\"font-size: 8pt;\">Dopp, Otto<\/span><\/td><td><span style=\"font-size: 8pt;\">0151-61432739<\/span><\/td><td><span style=\"font-size: 8pt;\"><a href=\"mailto:schwimmen@sportverein-lindern.de\">schwimmen@sportverein-lindern.de<\/a><\/span><\/td><\/tr><tr><td><span style=\"font-size: 8pt;\">Behinderten Sportgruppe<\/span> <sub>Powerkids<\/sub><\/td><td class=\"has-text-align-center\" data-align=\"center\"><sub>Gardewin, Petra<\/sub><\/td><td><span style=\"font-size: 8pt;\">0178-6621840<\/span><\/td><td><a href=\"mailto:sportgruppe@sportverein-lindern.de\"><span style=\"font-size: 8pt;\">sportgruppe@sportverein-lindern.de<\/span><\/a><\/td><\/tr><tr><td><span style=\"font-size: 8pt;\">Leichtathletik<\/span><\/td><td class=\"has-text-align-center\" data-align=\"center\"><sub>Kemme, Nadine<\/sub><\/td><td><sub>0172-6404365<\/sub><\/td><td><span style=\"font-size: 8pt;\"><a href=\"mailto:leichtathletik@sportverein-lindern.de\">leichtathletik@sportverein-lindern.de<\/a><\/span><\/td><\/tr><tr><td><span style=\"font-size: 8pt;\">Schiedsrichter<\/span><\/td><td class=\"has-text-align-center\" data-align=\"center\"><span style=\"font-size: 8pt;\">Timpker, Stefan<br>kommissarisch<\/span><\/td><td><span style=\"font-size: 8pt;\">0171-3568371<\/span><\/td><td><span style=\"font-size: 8pt;\"><a href=\"mailto:schiedsrichter@sportverein-lindern.de\">schiedsrichter@sportverein-lindern.de<\/a><\/span><\/td><\/tr><tr><td><span style=\"font-size: 8pt;\">Kinderturnen<\/span><\/td><td class=\"has-text-align-center\" data-align=\"center\"><sub>Albers, Tanja<\/sub><\/td><td><sub>0152-08550705<\/sub><\/td><td><span style=\"font-size: 8pt;\"><a href=\"mailto:kinderturnen@sportverein-lindern.de\">kinderturnen@sportverein-lindern.de<\/a><\/span><\/td><\/tr><tr><td><span style=\"font-size: 8pt;\">Karate \/ Selbstverteidigung<\/span><\/td><td class=\"has-text-align-center\" data-align=\"center\"><span style=\"font-size: 8pt;\">L\u00fcbbers, Magret<\/span><\/td><td><span style=\"font-size: 8pt;\">05957-666<\/span><\/td><td><span style=\"font-size: 8pt;\"><a href=\"mailto:karate@sportverein-lindern.de\">karate@sportverein-lindern.de<\/a><\/span><\/td><\/tr><tr><td><span style=\"font-size: 8pt;\">Damengymnastikgruppe<\/span><\/td><td class=\"has-text-align-center\" data-align=\"center\"><span style=\"font-size: 8pt;\">Benken, Sabine<\/span><\/td><td><span style=\"font-size: 8pt;\">05957-325<\/span><\/td><td><span style=\"font-size: 8pt;\"><a href=\"mailto:damengymnastik@sportverein-lindern.de\">damengymnastik@sportverein-lindern.de<\/a><\/span><\/td><\/tr><tr><td><span style=\"font-size: 8pt;\">Dart<\/span><\/td><td class=\"has-text-align-center\" data-align=\"center\"><span style=\"font-size: 8pt;\">Remmers, Hermann<\/span><\/td><td><span style=\"font-size: 8pt;\">0170-5363088<\/span><\/td><td><a href=\"mailto:dart@sportverein-lindern.de\"><span style=\"font-size: 8pt;\">dart@sportverein-lindern.de<\/span><\/a><\/td><\/tr><tr><td><span style=\"font-size: 8pt;\">Tischtennis<\/span><\/td><td class=\"has-text-align-center\" data-align=\"center\"><sub>Kahlert, Ole<\/sub><\/td><td><span style=\"font-size: 8pt;\">0170-2932836<\/span><\/td><td><a href=\"mailto:tischtennis@sportverein-lindern.de\"><span style=\"font-size: 8pt;\">tischtennis@sportverein-lindern.de<\/span><\/a><\/td><\/tr><tr><td><sub>Rugby<\/sub><\/td><td class=\"has-text-align-center\" data-align=\"center\"><sub>Koopmann, Felix<\/sub><\/td><td><sub>0151-726666044<\/sub><\/td><td><a href=\"mailto:rugby@sportverin-lindern.de\"><sup>rugby@sportverin-lindern.de<\/sup><\/a><\/td><\/tr><\/tbody><\/table><\/figure>\n","protected":false},"excerpt":{"rendered":"<p>Fu\u00dfballobmann Herren Westermann, Sven 0152-24572012 fussballobmannherren@sportverein-lindern.de Fu\u00dfballobmann Alte Herren Thyen, Norbert 0170-3439443 fussballalteherren@sportverein-lindern.de Fu\u00dfballobmann Jugend Behrens, LukasMichael Nattke 0152-224007280152-05697999 fussballobmannjugend@sportverein-lindern.de Fu\u00dfballobmann Damen &nbsp; &nbsp; fussballdamen@sportverein-lindern.de Volleyball Glasa, Bianca 0151-27593489 volleyball@sportverein-lindern.de Badminton Burrichter, Markus 0170-3176680 badminton@sportverein-lindern.de Schwimmen Dopp, Otto 0151-61432739 schwimmen@sportverein-lindern.de Behinderten Sportgruppe Powerkids Gardewin, Petra 0178-6621840 sportgruppe@sportverein-lindern.de Leichtathletik Kemme, Nadine 0172-6404365 leichtathletik@sportverein-lindern.de Schiedsrichter Timpker, Stefankommissarisch &hellip; <a href=\"http:\/\/sportverein-lindern.de\/sv\/ansprechpartner-der-sparten\/\" class=\"more-link\"><span class=\"screen-reader-text\">Ansprechpartner der Sparten<\/span> weiterlesen <span class=\"meta-nav\">&rarr;<\/span><\/a><\/p>\n","protected":false},"author":1,"featured_media":0,"parent":0,"menu_order":0,"comment_status":"closed","ping_status":"closed","template":"","meta":{"footnotes":""},"class_list":["post-1257","page","type-page","status-publish","hentry"],"_links":{"self":[{"href":"http:\/\/sportverein-lindern.de\/sv\/wp-json\/wp\/v2\/pages\/1257"}],"collection":[{"href":"http:\/\/sportverein-lindern.de\/sv\/wp-json\/wp\/v2\/pages"}],"about":[{"href":"http:\/\/sportverein-lindern.de\/sv\/wp-json\/wp\/v2\/types\/page"}],"author":[{"embeddable":true,"href":"http:\/\/sportverein-lindern.de\/sv\/wp-json\/wp\/v2\/users\/1"}],"replies":[{"embeddable":true,"href":"http:\/\/sportverein-lindern.de\/sv\/wp-json\/wp\/v2\/comments?post=1257"}],"version-history":[{"count":49,"href":"http:\/\/sportverein-lindern.de\/sv\/wp-json\/wp\/v2\/pages\/1257\/revisions"}],"predecessor-version":[{"id":2051,"href":"http:\/\/sportverein-lindern.de\/sv\/wp-json\/wp\/v2\/pages\/1257\/revisions\/2051"}],"wp:attachment":[{"href":"http:\/\/sportverein-lindern.de\/sv\/wp-json\/wp\/v2\/media?parent=1257"}],"curies":[{"name":"wp","href":"https:\/\/api.w.org\/{rel}","templated":true}]}}